{"id":41,"date":"2010-06-03T03:10:32","date_gmt":"2010-06-03T03:10:32","guid":{"rendered":"http:\/\/www.mantrarecordingstudio.com\/?page_id=41"},"modified":"2025-10-15T02:59:37","modified_gmt":"2025-10-15T02:59:37","slug":"contact","status":"publish","type":"page","link":"https:\/\/www.mantrarecordingstudio.com\/?page_id=41","title":{"rendered":"Rates\/Contact"},"content":{"rendered":"<div class=\"wp-block-image\">\n<figure class=\"aligncenter\"><a href=\"https:\/\/www.mantrarecordingstudio.com\/wp-content\/uploads\/2018\/07\/0009.jpg\"><img loading=\"lazy\" decoding=\"async\" width=\"300\" height=\"300\" src=\"https:\/\/www.mantrarecordingstudio.com\/wp-content\/uploads\/2018\/07\/0009-300x300.jpg\" alt=\"\" class=\"wp-image-1090\" srcset=\"https:\/\/www.mantrarecordingstudio.com\/wp-content\/uploads\/2018\/07\/0009-300x300.jpg 300w, https:\/\/www.mantrarecordingstudio.com\/wp-content\/uploads\/2018\/07\/0009-150x150.jpg 150w, https:\/\/www.mantrarecordingstudio.com\/wp-content\/uploads\/2018\/07\/0009-768x768.jpg 768w, https:\/\/www.mantrarecordingstudio.com\/wp-content\/uploads\/2018\/07\/0009.jpg 960w\" sizes=\"auto, (max-width: 300px) 100vw, 300px\" \/><\/a><\/figure>\n<\/div>\n\n\n<h3 class=\"wp-block-heading has-text-align-center\"><strong><span style=\"font-size: 18px;\"><\/span>Steinway B Piano Session Rates:<\/strong><\/h3>\n\n\n\n<ul class=\"wp-block-list\">\n<li class=\"has-medium-font-size\">Piano Tracking\u00a0 (Very Important)\u00a0 All clients piano sessions\u00a0 start at a fixed rate of 2 hour minimum studio time fee of $320 that includes the piano tuning. Additional hours are $80. (Piano techs fees have increased very dramatically recently) the studio does not not make any profit on tuning and we have to be there while He\/She tunes. This fee covers the $160 Piano tuning (mandatory) and $160 for first two hours of piano tracking.\u00a0 \u00a0The studio does not record any tracks without the piano being tuned!\u00a0 Additionally, please understand if you need to come back to finish your tracks and it is close to the initial tracking date you will not need to tune\u00a0 the piano. The studio charges by the hour, not by project completion. We try our best to make student recording happy on a tight budget.<\/li>\n\n\n\n<li class=\"has-medium-font-size\">Vocals , Instrumental or Poetry tracking. &#8211; $80 per Hour<\/li>\n\n\n\n<li class=\"has-medium-font-size\">Audiobooks editing and Tracking $80 per hour\u00a0 1st Consultation rate in initial project- free . Information and setting up Audible or Findaway Voices is a Fixed Rate as well (Due to time)<\/li>\n<\/ul>\n\n\n\n<h4 class=\"wp-block-heading\">Question: Why are your fees starting at $320.00<\/h4>\n\n\n\n<p class=\"has-text-align-left\">Answer:\u00a0 A piano technician must be preset to prepare and tune the piano for each session. This requires additional time before the artist records. This cost covers the piano tuners expenses not the studios.<\/p>\n\n\n\n<h4 class=\"wp-block-heading\">Question:&nbsp; Do you record video?<\/h4>\n\n\n\n<p><strong>Answer: Yes, we sync via Pro Tool and iPhone camera via Video Software.<\/strong><\/p>\n\n\n\n<p>Your Session Data:\u00a0 The studio can transfer to preferred thumb key or hard drive or to drobox \/google drive .\u00a0 When the session is done you the client are responsible for your own data that has been process and recorded! Our studio is not required to hold on to your recorded session\/data. This is part of the process and studio time. Please factor in 20-40 additional minutes outside of tracking for piano sessions video editing\/data transfer. A fast Usb thumb drive is preferred<\/p>\n\n\n\n<p class=\"has-text-align-center\"><strong>646.267.4127<br \/><\/strong><a href=\"mailto:mantrarecordingstudio@gmail.com\">mantrarecordingstudio@gmail.com<\/a><\/p>\n\n\n\n<div class=\"wp-block-columns is-layout-flex wp-container-core-columns-is-layout-9d6595d7 wp-block-columns-is-layout-flex\">\n<div class=\"wp-block-column is-layout-flow wp-block-column-is-layout-flow\">\n<p class=\"has-text-align-center\">\u94a2\u7434\u8ddf\u8e2a\uff08\u975e\u5e38\u91cd\u8981\uff09\u6240\u6709\u5ba2\u6237\u7684\u94a2\u7434\u8bfe\u7a0b\u90fd\u4ee5 2 \u5c0f\u65f6\u7684\u6700\u4f4e\u5de5\u4f5c\u5ba4\u65f6\u95f4\u8d39\u7528\u56fa\u5b9a\u4e3a 320 \u7f8e\u5143\u5f00\u59cb\uff0c\u5176\u4e2d\u5305\u62ec\u94a2\u7434\u8c03\u97f3\u3002\u989d\u5916\u7684\u65f6\u95f4\u662f 80 \u7f8e\u5143\u3002\uff08\u94a2\u7434\u6280\u672f\u8d39\u7528\u6700\u8fd1\u5927\u5e45\u4e0a\u6da8\uff09\u5de5\u4f5c\u5ba4\u4e0d\u4f1a\u4ece\u8c03\u97f3\u4e2d\u8d5a\u53d6\u4efb\u4f55\u5229\u6da6\uff0c\u6211\u4eec\u5fc5\u987b\u5728\u4ed6\/\u5979\u8c03\u97f3\u65f6\u5728\u573a\u3002\u6b64\u8d39\u7528\u5305\u62ec 160 \u7f8e\u5143\u7684\u94a2\u7434\u8c03\u97f3\uff08\u5f3a\u5236\u6027\uff09\u548c 160 \u7f8e\u5143\u7684\u524d\u4e24\u4e2a\u5c0f\u65f6\u94a2\u7434\u8ddf\u8e2a\u3002\u5982\u679c\u6ca1\u6709\u8c03\u597d\u94a2\u7434\uff0c\u5de5\u4f5c\u5ba4\u4e0d\u4f1a\u5f55\u5236\u4efb\u4f55\u66f2\u76ee\uff01\u6b64\u5916\uff0c\u5982\u679c\u60a8\u9700\u8981\u56de\u6765\u5b8c\u6210\u66f2\u76ee\u5e76\u4e14\u63a5\u8fd1\u521d\u59cb\u8ddf\u8e2a\u65e5\u671f\uff0c\u8bf7\u7406\u89e3\u60a8\u4e0d\u9700\u8981\u8c03\u6574\u94a2\u7434\u3002\u5de5\u4f5c\u5ba4\u6309\u5c0f\u65f6\u6536\u8d39\uff0c\u800c\u4e0d\u662f\u6309\u9879\u76ee\u5b8c\u6210\u6536\u8d39\u3002\u6211\u4eec\u5c3d\u6700\u5927\u52aa\u529b\u8ba9\u5b66\u751f\u5728\u9884\u7b97\u7d27\u5f20\u7684\u60c5\u51b5\u4e0b\u5feb\u4e50\u5730\u5f55\u97f3\u3002<\/p>\n\n\n\n<p class=\"has-text-align-center\">G\u0101ngq\u00edn g\u0113nz\u014dng (f\u0113ich\u00e1ng zh\u00f2ngy\u00e0o) su\u01d2y\u01d2u k\u00e8h\u00f9 de g\u0101ngq\u00edn k\u00e8ch\u00e9ng d\u014du y\u01d0 2 xi\u01ceosh\u00ed de zu\u00ecd\u012b g\u014dngzu\u00f2 sh\u00ec sh\u00edji\u0101n f\u00e8iy\u00f2ng g\u00f9d\u00ecng w\u00e8i 320 m\u011biyu\u00e1n k\u0101ish\u01d0, q\u00edzh\u014dng b\u0101oku\u00f2 g\u0101ngq\u00edn di\u00e0o y\u012bn. \u00c9w\u00e0i de sh\u00edji\u0101n sh\u00ec 80 m\u011biyu\u00e1n.(G\u0101ngq\u00edn j\u00ecsh\u00f9 f\u00e8iy\u00f2ng zu\u00ecj\u00ecn d\u00e0f\u00fa sh\u00e0ngzh\u01ceng) g\u014dngzu\u00f2 sh\u00ec b\u00f9 hu\u00ec c\u00f3ng di\u00e0o y\u012bn zh\u014dng zhu\u00e0n q\u01d4 r\u00e8nh\u00e9 l\u00ecr\u00f9n, w\u01d2men b\u00ecx\u016b z\u00e0i t\u0101\/t\u0101 di\u00e0o y\u012bn sh\u00ed z\u00e0ich\u01ceng. C\u01d0 f\u00e8iy\u00f2ng b\u0101oku\u00f2 160 m\u011biyu\u00e1n de g\u0101ngq\u00edn di\u00e0o y\u012bn (qi\u00e1ngzh\u00ec x\u00ecng) h\u00e9 160 m\u011biyu\u00e1n de qi\u00e1n li\u01ceng g\u00e8 xi\u01ceosh\u00ed g\u0101ngq\u00edn g\u0113nz\u014dng. R\u00fagu\u01d2 m\u00e9iy\u01d2u di\u00e0o h\u01ceo g\u0101ngq\u00edn, g\u014dngzu\u00f2 sh\u00ec b\u00f9 hu\u00ec l\u00f9zh\u00ec r\u00e8nh\u00e9 q\u01d4m\u00f9! C\u01d0w\u00e0i, r\u00fagu\u01d2 n\u00edn x\u016by\u00e0o hu\u00edl\u00e1i w\u00e1nch\u00e9ng q\u01d4m\u00f9 b\u00ecngqi\u011b ji\u0113j\u00ecn ch\u016bsh\u01d0 g\u0113nz\u014dng r\u00ecq\u00ed, q\u01d0ng l\u01d0ji\u011b n\u00edn b\u00f9 x\u016by\u00e0o ti\u00e1ozh\u011bng g\u0101ngq\u00edn. G\u014dngzu\u00f2 sh\u00ec \u00e0n xi\u01ceosh\u00ed sh\u014duf\u00e8i, \u00e9r b\u00f9sh\u00ec \u00e0n xi\u00e0ngm\u00f9 w\u00e1nch\u00e9ng sh\u014duf\u00e8i. W\u01d2men j\u01d0n zu\u00ecd\u00e0 n\u01d4l\u00ec r\u00e0ng xu\u00e9sh\u0113ng z\u00e0i y\u00f9su\u00e0n j\u01d0nzh\u0101ng de q\u00edngku\u00e0ng xi\u00e0 ku\u00e0il\u00e8 de l\u00f9y\u012bn.<\/p>\n<\/div>\n<\/div>\n\n\n\n<p class=\"has-text-align-center\"><\/p>\n","protected":false},"excerpt":{"rendered":"<p>Steinway B Piano Session Rates: Question: Why are your fees starting at $320.00 Answer:\u00a0 A piano technician must be preset to prepare and tune the piano for each session. This requires additional time before the artist records. This cost covers the piano tuners expenses not the studios. Question:&nbsp; Do you record video? Answer: Yes, we &hellip; <a href=\"https:\/\/www.mantrarecordingstudio.com\/?page_id=41\" class=\"more-link\">Continue reading <span class=\"screen-reader-text\">Rates\/Contact<\/span> <span class=\"meta-nav\">&rarr;<\/span><\/a><\/p>\n","protected":false},"author":1,"featured_media":0,"parent":0,"menu_order":1,"comment_status":"closed","ping_status":"closed","template":"","meta":{"footnotes":""},"class_list":["post-41","page","type-page","status-publish","hentry"],"_links":{"self":[{"href":"https:\/\/www.mantrarecordingstudio.com\/index.php?rest_route=\/wp\/v2\/pages\/41","targetHints":{"allow":["GET"]}}],"collection":[{"href":"https:\/\/www.mantrarecordingstudio.com\/index.php?rest_route=\/wp\/v2\/pages"}],"about":[{"href":"https:\/\/www.mantrarecordingstudio.com\/index.php?rest_route=\/wp\/v2\/types\/page"}],"author":[{"embeddable":true,"href":"https:\/\/www.mantrarecordingstudio.com\/index.php?rest_route=\/wp\/v2\/users\/1"}],"replies":[{"embeddable":true,"href":"https:\/\/www.mantrarecordingstudio.com\/index.php?rest_route=%2Fwp%2Fv2%2Fcomments&post=41"}],"version-history":[{"count":90,"href":"https:\/\/www.mantrarecordingstudio.com\/index.php?rest_route=\/wp\/v2\/pages\/41\/revisions"}],"predecessor-version":[{"id":1537,"href":"https:\/\/www.mantrarecordingstudio.com\/index.php?rest_route=\/wp\/v2\/pages\/41\/revisions\/1537"}],"wp:attachment":[{"href":"https:\/\/www.mantrarecordingstudio.com\/index.php?rest_route=%2Fwp%2Fv2%2Fmedia&parent=41"}],"curies":[{"name":"wp","href":"https:\/\/api.w.org\/{rel}","templated":true}]}}